{"id":11,"date":"2021-12-27T15:57:13","date_gmt":"2021-12-27T15:57:13","guid":{"rendered":"https:\/\/www.martiandmontessori.hu\/?page_id=11"},"modified":"2024-11-02T12:51:05","modified_gmt":"2024-11-02T12:51:05","slug":"rolunk","status":"publish","type":"page","link":"https:\/\/www.martiandmontessori.hu\/?page_id=11","title":{"rendered":"R\u00f3lam"},"content":{"rendered":"\n<p class=\"has-text-align-center\">M\u00e1rti vagyok. 2019-ben az E\u00f6tv\u00f6s Lor\u00e1nd Tudom\u00e1nyegyetemen v\u00e9geztem n\u00e9met nemzetis\u00e9gi \u00f3vodapedag\u00f3gusk\u00e9nt. H\u00e1rom \u00e9vig dolgoztam n\u00e9met nemzetis\u00e9gi \u00f3vod\u00e1ban Magyarorsz\u00e1gon. A Montessori pedag\u00f3gi\u00e1val gimnazista koromban tal\u00e1lkoztam el\u0151sz\u00f6r. M\u00e1r gimn\u00e1zium elej\u00e9n el\u00e9g vil\u00e1gosan k\u00f6rvonalaz\u00f3dott bennem, hogy \u00f3vodapedag\u00f3gus szeretn\u00e9k lenni, ez\u00e9rt sokat olvastam a t\u00e9m\u00e1ban. K\u00fcl\u00f6n\u00f6sen a reformpedag\u00f3gi\u00e1k \u00e9rdekeltek. \u00cdgy olvastam a Montessori pedag\u00f3gi\u00e1r\u00f3l is. Annyira megfogott, hogy csak olvastam \u00e9s olvastam. Olyan \u00e9rz\u00e9s volt, mintha megtal\u00e1ltam volna azt, amit kerestem. Az a pedag\u00f3gus szerep \u00e9s hozz\u00e1\u00e1ll\u00e1s, amit Montessori pedag\u00f3gi\u00e1ja le\u00edr, teljesen magam\u00e9nak \u00e9reztem \u00e9s \u00e9rzem mai napig. Akkor eld\u00f6nt\u00f6ttem, hogy \u00e9n Montessori pedag\u00f3gus szeretn\u00e9k lenni. Az utat m\u00e9g nem l\u00e1ttam, az\u00f3ta m\u00e1r s\u00ednen vagyok. 2021 okt\u00f3ber\u00e9t\u0151l r\u00e9szt vettem az AMI (Association Montessori International) 3-6-os koroszt\u00e1lyra sz\u00f3l\u00f3 k\u00e9pz\u00e9s\u00e9n. 2022 szeptember\u00e9ben pedig sikeresen lediplom\u00e1ztam. Jelenleg egy m\u00fcncheni Montessori \u00f3vod\u00e1ban dolgozom. <\/p>\n\n\n\n<p class=\"has-text-align-center\">Ezen az oldalon t\u00e9ged is szeretn\u00e9lek beavatni a Montessori pedag\u00f3gia szeml\u00e9let\u00e9be \u00e9s k\u00e9s\u0151bb a gyakorlat\u00e1ba is.<\/p>\n\n\n\n<p class=\"has-text-align-center\">J\u00f3 olvasgat\u00e1st!<\/p>\n\n\n<div class=\"wp-block-image\">\n<figure class=\"aligncenter size-large is-resized\"><img loading=\"lazy\" decoding=\"async\" width=\"768\" height=\"1024\" src=\"https:\/\/www.martiandmontessori.hu\/wp-content\/uploads\/2024\/11\/1730488555032-1-768x1024.jpg\" alt=\"\" class=\"wp-image-449\" style=\"width:434px;height:auto\" srcset=\"https:\/\/www.martiandmontessori.hu\/wp-content\/uploads\/2024\/11\/1730488555032-1-768x1024.jpg 768w, https:\/\/www.martiandmontessori.hu\/wp-content\/uploads\/2024\/11\/1730488555032-1-225x300.jpg 225w, https:\/\/www.martiandmontessori.hu\/wp-content\/uploads\/2024\/11\/1730488555032-1-1152x1536.jpg 1152w, https:\/\/www.martiandmontessori.hu\/wp-content\/uploads\/2024\/11\/1730488555032-1-1536x2048.jpg 1536w, https:\/\/www.martiandmontessori.hu\/wp-content\/uploads\/2024\/11\/1730488555032-1-850x1133.jpg 850w, https:\/\/www.martiandmontessori.hu\/wp-content\/uploads\/2024\/11\/1730488555032-1-scaled.jpg 1920w\" sizes=\"auto, (max-width: 768px) 100vw, 768px\" \/><\/figure>\n<\/div>","protected":false},"excerpt":{"rendered":"<p>M\u00e1rti vagyok. 2019-ben az E\u00f6tv\u00f6s Lor\u00e1nd Tudom\u00e1nyegyetemen v\u00e9geztem n\u00e9met nemzetis\u00e9gi \u00f3vodapedag\u00f3gusk\u00e9nt. H\u00e1rom \u00e9vig dolgoztam n\u00e9met nemzetis\u00e9gi \u00f3vod\u00e1ban Magyarorsz\u00e1gon. A Montessori pedag\u00f3gi\u00e1val gimnazista koromban&hellip;<\/p>\n","protected":false},"author":1,"featured_media":0,"parent":0,"menu_order":0,"comment_status":"closed","ping_status":"closed","template":"","meta":{"footnotes":""},"class_list":["post-11","page","type-page","status-publish","hentry"],"_links":{"self":[{"href":"https:\/\/www.martiandmontessori.hu\/index.php?rest_route=\/wp\/v2\/pages\/11","targetHints":{"allow":["GET"]}}],"collection":[{"href":"https:\/\/www.martiandmontessori.hu\/index.php?rest_route=\/wp\/v2\/pages"}],"about":[{"href":"https:\/\/www.martiandmontessori.hu\/index.php?rest_route=\/wp\/v2\/types\/page"}],"author":[{"embeddable":true,"href":"https:\/\/www.martiandmontessori.hu\/index.php?rest_route=\/wp\/v2\/users\/1"}],"replies":[{"embeddable":true,"href":"https:\/\/www.martiandmontessori.hu\/index.php?rest_route=%2Fwp%2Fv2%2Fcomments&post=11"}],"version-history":[{"count":9,"href":"https:\/\/www.martiandmontessori.hu\/index.php?rest_route=\/wp\/v2\/pages\/11\/revisions"}],"predecessor-version":[{"id":451,"href":"https:\/\/www.martiandmontessori.hu\/index.php?rest_route=\/wp\/v2\/pages\/11\/revisions\/451"}],"wp:attachment":[{"href":"https:\/\/www.martiandmontessori.hu\/index.php?rest_route=%2Fwp%2Fv2%2Fmedia&parent=11"}],"curies":[{"name":"wp","href":"https:\/\/api.w.org\/{rel}","templated":true}]}}